{"id":2,"date":"2023-12-05T07:10:39","date_gmt":"2023-12-05T07:10:39","guid":{"rendered":"https:\/\/hotro.circa.vn\/nhuongquyen\/?page_id=2"},"modified":"2023-12-07T02:59:03","modified_gmt":"2023-12-07T02:59:03","slug":"sample-page","status":"publish","type":"page","link":"https:\/\/hotro.circa.vn\/nhuongquyen\/","title":{"rendered":"Trang ch\u1ee7"},"content":{"rendered":"\n<p>CIRCA gi\u1ea3i quy\u1ebft nhu c\u1ea7u h\u00e0ng h\u00f3a v\u00e0 d\u00f2ng ti\u1ec1n cho nh\u00e0 thu\u1ed1c, \u1ee9ng d\u1ee5ng c\u00f4ng ngh\u1ec7 4.0 v\u00e0o vi\u1ec7c ph\u00e1t tri\u1ec3n h\u1ec7 th\u1ed1ng gi\u00fap qu\u1ea3n l\u00fd nh\u1eadp t\u1ed3n, s\u1ea3n ph\u1ea9m v\u00e0 doanh thu.\u00a0\u00a0<\/p>\n","protected":false},"excerpt":{"rendered":"<p>CIRCA gi\u1ea3i quy\u1ebft nhu c\u1ea7u h\u00e0ng h\u00f3a v\u00e0 d\u00f2ng ti\u1ec1n cho nh\u00e0 thu\u1ed1c, \u1ee9ng d\u1ee5ng c\u00f4ng ngh\u1ec7 4.0 v\u00e0o vi\u1ec7c ph\u00e1t tri\u1ec3n h\u1ec7 th\u1ed1ng gi\u00fap qu\u1ea3n l\u00fd nh\u1eadp t\u1ed3n, s\u1ea3n ph\u1ea9m v\u00e0 doanh thu.\u00a0\u00a0<\/p>\n","protected":false},"author":1,"featured_media":78,"parent":0,"menu_order":0,"comment_status":"closed","ping_status":"open","template":"","meta":{"_acf_changed":false,"footnotes":""},"acf":[],"aioseo_notices":[],"_links":{"self":[{"href":"https:\/\/hotro.circa.vn\/nhuongquyen\/wp-json\/wp\/v2\/pages\/2"}],"collection":[{"href":"https:\/\/hotro.circa.vn\/nhuongquyen\/wp-json\/wp\/v2\/pages"}],"about":[{"href":"https:\/\/hotro.circa.vn\/nhuongquyen\/wp-json\/wp\/v2\/types\/page"}],"author":[{"embeddable":true,"href":"https:\/\/hotro.circa.vn\/nhuongquyen\/wp-json\/wp\/v2\/users\/1"}],"replies":[{"embeddable":true,"href":"https:\/\/hotro.circa.vn\/nhuongquyen\/wp-json\/wp\/v2\/comments?post=2"}],"version-history":[{"count":5,"href":"https:\/\/hotro.circa.vn\/nhuongquyen\/wp-json\/wp\/v2\/pages\/2\/revisions"}],"predecessor-version":[{"id":82,"href":"https:\/\/hotro.circa.vn\/nhuongquyen\/wp-json\/wp\/v2\/pages\/2\/revisions\/82"}],"wp:featuredmedia":[{"embeddable":true,"href":"https:\/\/hotro.circa.vn\/nhuongquyen\/wp-json\/wp\/v2\/media\/78"}],"wp:attachment":[{"href":"https:\/\/hotro.circa.vn\/nhuongquyen\/wp-json\/wp\/v2\/media?parent=2"}],"curies":[{"name":"wp","href":"https:\/\/api.w.org\/{rel}","templated":true}]}}